{"id":141,"date":"2020-08-30T22:36:21","date_gmt":"2020-08-30T22:36:21","guid":{"rendered":"https:\/\/hoteldock.sk\/?page_id=141"},"modified":"2023-11-14T19:07:53","modified_gmt":"2023-11-14T19:07:53","slug":"activities","status":"publish","type":"page","link":"https:\/\/hoteldock.sk\/de\/activities\/","title":{"rendered":"Aktivity"},"content":{"rendered":"<div data-elementor-type=\"wp-page\" data-elementor-id=\"141\" class=\"elementor elementor-141\" data-elementor-post-type=\"page\">\n\t\t\t\t\t\t<section class=\"elementor-section elementor-top-section elementor-element elementor-element-a60ef11 elementor-section-boxed elementor-section-height-default elementor-section-height-default\" data-id=\"a60ef11\" data-element_type=\"section\" data-settings=\"{&quot;background_background&quot;:&quot;classic&quot;}\">\n\t\t\t\t\t\t<div class=\"elementor-container elementor-column-gap-default\">\n\t\t\t\t\t<div class=\"elementor-column elementor-col-100 elementor-top-column elementor-element elementor-element-73ff2e1\" data-id=\"73ff2e1\" data-element_type=\"column\">\n\t\t\t<div class=\"elementor-widget-wrap elementor-element-populated\">\n\t\t\t\t\t\t<div class=\"elementor-element elementor-element-245349e elementor-widget elementor-widget-heading\" data-id=\"245349e\" data-element_type=\"widget\" data-widget_type=\"heading.default\">\n\t\t\t\t<div class=\"elementor-widget-container\">\n\t\t\t\t\t<h1 class=\"elementor-heading-title elementor-size-default\">Aktivit\u00e4ten in der Umgebung<\/h1>\t\t\t\t<\/div>\n\t\t\t\t<\/div>\n\t\t\t\t\t<\/div>\n\t\t<\/div>\n\t\t\t\t\t<\/div>\n\t\t<\/section>\n\t\t\t\t<section class=\"elementor-section elementor-top-section elementor-element elementor-element-6d01b582 elementor-section-content-middle elementor-reverse-tablet elementor-section-boxed elementor-section-height-default elementor-section-height-default\" data-id=\"6d01b582\" data-element_type=\"section\">\n\t\t\t\t\t\t<div class=\"elementor-container elementor-column-gap-default\">\n\t\t\t\t\t<div class=\"elementor-column elementor-col-66 elementor-top-column elementor-element elementor-element-3ceb96f7\" data-id=\"3ceb96f7\" data-element_type=\"column\">\n\t\t\t<div class=\"elementor-widget-wrap elementor-element-populated\">\n\t\t\t\t\t\t<div class=\"elementor-element elementor-element-53194293 elementor-widget elementor-widget-heading\" data-id=\"53194293\" data-element_type=\"widget\" data-widget_type=\"heading.default\">\n\t\t\t\t<div class=\"elementor-widget-container\">\n\t\t\t\t\t<h1 class=\"elementor-heading-title elementor-size-default\">Willkommen im Zentrum von Bratislava<\/h1>\t\t\t\t<\/div>\n\t\t\t\t<\/div>\n\t\t\t\t<div class=\"elementor-element elementor-element-6da7d590 elementor-widget-divider--view-line elementor-widget elementor-widget-divider\" data-id=\"6da7d590\" data-element_type=\"widget\" data-widget_type=\"divider.default\">\n\t\t\t\t<div class=\"elementor-widget-container\">\n\t\t\t\t\t\t\t<div class=\"elementor-divider\">\n\t\t\t<span class=\"elementor-divider-separator\">\n\t\t\t\t\t\t<\/span>\n\t\t<\/div>\n\t\t\t\t\t\t<\/div>\n\t\t\t\t<\/div>\n\t\t\t\t<div class=\"elementor-element elementor-element-2a1c3194 elementor-widget elementor-widget-heading\" data-id=\"2a1c3194\" data-element_type=\"widget\" data-widget_type=\"heading.default\">\n\t\t\t\t<div class=\"elementor-widget-container\">\n\t\t\t\t\t<h2 class=\"elementor-heading-title elementor-size-default\">\u00dcberall auf der Schanze<\/h2>\t\t\t\t<\/div>\n\t\t\t\t<\/div>\n\t\t\t\t<div class=\"elementor-element elementor-element-1b5f769b elementor-widget elementor-widget-text-editor\" data-id=\"1b5f769b\" data-element_type=\"widget\" data-widget_type=\"text-editor.default\">\n\t\t\t\t<div class=\"elementor-widget-container\">\n\t\t\t\t\t\t\t\t\t<p>Die Lage des Garni Hotel DOCK garantiert eine hervorragende Erreichbarkeit f\u00fcr Fu\u00dfg\u00e4nger, Radfahrer und Autofahrer. Das Stadtzentrum und andere Verkehrsknotenpunkte sind buchst\u00e4blich zum Greifen nah. Privatparkplatz direkt vor dem Hotel.<\/p>\t\t\t\t\t\t\t\t<\/div>\n\t\t\t\t<\/div>\n\t\t\t\t\t<\/div>\n\t\t<\/div>\n\t\t\t\t<div class=\"elementor-column elementor-col-33 elementor-top-column elementor-element elementor-element-2363b35a\" data-id=\"2363b35a\" data-element_type=\"column\">\n\t\t\t<div class=\"elementor-widget-wrap elementor-element-populated\">\n\t\t\t\t\t\t<div class=\"elementor-element elementor-element-bc57be1 elementor-widget elementor-widget-image\" data-id=\"bc57be1\" data-element_type=\"widget\" data-widget_type=\"image.default\">\n\t\t\t\t<div class=\"elementor-widget-container\">\n\t\t\t\t\t\t\t\t\t\t\t\t\t\t\t<img fetchpriority=\"high\" decoding=\"async\" width=\"362\" height=\"426\" src=\"https:\/\/hoteldock.sk\/wp-content\/uploads\/2020\/09\/hotel-lobby-PS7LB64.png\" class=\"attachment-full size-full wp-image-259\" alt=\"\" srcset=\"https:\/\/hoteldock.sk\/wp-content\/uploads\/2020\/09\/hotel-lobby-PS7LB64.png 362w, https:\/\/hoteldock.sk\/wp-content\/uploads\/2020\/09\/hotel-lobby-PS7LB64-255x300.png 255w\" sizes=\"(max-width: 362px) 100vw, 362px\" \/>\t\t\t\t\t\t\t\t\t\t\t\t\t\t\t<\/div>\n\t\t\t\t<\/div>\n\t\t\t\t\t<\/div>\n\t\t<\/div>\n\t\t\t\t\t<\/div>\n\t\t<\/section>\n\t\t\t\t<section class=\"elementor-section elementor-top-section elementor-element elementor-element-8d10144 elementor-section-boxed elementor-section-height-default elementor-section-height-default\" data-id=\"8d10144\" data-element_type=\"section\">\n\t\t\t\t\t\t<div class=\"elementor-container elementor-column-gap-default\">\n\t\t\t\t\t<div class=\"elementor-column elementor-col-100 elementor-top-column elementor-element elementor-element-2d77e28\" data-id=\"2d77e28\" data-element_type=\"column\">\n\t\t\t<div class=\"elementor-widget-wrap elementor-element-populated\">\n\t\t\t\t\t\t<div class=\"elementor-element elementor-element-51a09fe elementor-tabs-view-horizontal elementor-widget elementor-widget-tabs\" data-id=\"51a09fe\" data-element_type=\"widget\" data-widget_type=\"tabs.default\">\n\t\t\t\t<div class=\"elementor-widget-container\">\n\t\t\t\t\t\t\t<div class=\"elementor-tabs\">\n\t\t\t<div class=\"elementor-tabs-wrapper\" role=\"tablist\" >\n\t\t\t\t\t\t\t\t\t<div id=\"elementor-tab-title-8551\" class=\"elementor-tab-title elementor-tab-desktop-title\" aria-selected=\"true\" data-tab=\"1\" role=\"tab\" tabindex=\"0\" aria-controls=\"elementor-tab-content-8551\" aria-expanded=\"false\">Business<\/div>\n\t\t\t\t\t\t\t\t\t<div id=\"elementor-tab-title-8552\" class=\"elementor-tab-title elementor-tab-desktop-title\" aria-selected=\"false\" data-tab=\"2\" role=\"tab\" tabindex=\"-1\" aria-controls=\"elementor-tab-content-8552\" aria-expanded=\"false\">Historische Stadt<\/div>\n\t\t\t\t\t\t\t\t\t<div id=\"elementor-tab-title-8553\" class=\"elementor-tab-title elementor-tab-desktop-title\" aria-selected=\"false\" data-tab=\"3\" role=\"tab\" tabindex=\"-1\" aria-controls=\"elementor-tab-content-8553\" aria-expanded=\"false\">Unterhaltung<\/div>\n\t\t\t\t\t\t\t\t\t<div id=\"elementor-tab-title-8554\" class=\"elementor-tab-title elementor-tab-desktop-title\" aria-selected=\"false\" data-tab=\"4\" role=\"tab\" tabindex=\"-1\" aria-controls=\"elementor-tab-content-8554\" aria-expanded=\"false\">Einkaufen<\/div>\n\t\t\t\t\t\t\t\t\t<div id=\"elementor-tab-title-8555\" class=\"elementor-tab-title elementor-tab-desktop-title\" aria-selected=\"false\" data-tab=\"5\" role=\"tab\" tabindex=\"-1\" aria-controls=\"elementor-tab-content-8555\" aria-expanded=\"false\">Kulinarisch<\/div>\n\t\t\t\t\t\t\t\t\t<div id=\"elementor-tab-title-8556\" class=\"elementor-tab-title elementor-tab-desktop-title\" aria-selected=\"false\" data-tab=\"6\" role=\"tab\" tabindex=\"-1\" aria-controls=\"elementor-tab-content-8556\" aria-expanded=\"false\">Sport und Natur<\/div>\n\t\t\t\t\t\t\t\t\t<div id=\"elementor-tab-title-8557\" class=\"elementor-tab-title elementor-tab-desktop-title\" aria-selected=\"false\" data-tab=\"7\" role=\"tab\" tabindex=\"-1\" aria-controls=\"elementor-tab-content-8557\" aria-expanded=\"false\">Transport<\/div>\n\t\t\t\t\t\t\t<\/div>\n\t\t\t<div class=\"elementor-tabs-content-wrapper\" role=\"tablist\" aria-orientation=\"vertical\">\n\t\t\t\t\t\t\t\t\t<div class=\"elementor-tab-title elementor-tab-mobile-title\" aria-selected=\"true\" data-tab=\"1\" role=\"tab\" tabindex=\"0\" aria-controls=\"elementor-tab-content-8551\" aria-expanded=\"false\">Business<\/div>\n\t\t\t\t\t<div id=\"elementor-tab-content-8551\" class=\"elementor-tab-content elementor-clearfix\" data-tab=\"1\" role=\"tabpanel\" aria-labelledby=\"elementor-tab-title-8551\" tabindex=\"0\" hidden=\"false\"><ul><li>ST\u00c4DTISCHES GESCH\u00c4FTSZENTRUM<\/li><li>ZWILLINGSSTADT<\/li><li>APOLLO<\/li><li>BUSINESS CENTER BRATISLAVA<\/li><li>TURM 115<\/li><\/ul><p>\u00a0<\/p><p>Bei uns k\u00f6nnen Sie ein wenig l\u00e4nger schlafen. Gesch\u00e4ftszentren sind in unmittelbarer N\u00e4he und leicht zu Fu\u00df zu erreichen.<\/p><\/div>\n\t\t\t\t\t\t\t\t\t<div class=\"elementor-tab-title elementor-tab-mobile-title\" aria-selected=\"false\" data-tab=\"2\" role=\"tab\" tabindex=\"-1\" aria-controls=\"elementor-tab-content-8552\" aria-expanded=\"false\">Historische Stadt<\/div>\n\t\t\t\t\t<div id=\"elementor-tab-content-8552\" class=\"elementor-tab-content elementor-clearfix\" data-tab=\"2\" role=\"tabpanel\" aria-labelledby=\"elementor-tab-title-8552\" tabindex=\"0\" hidden=\"hidden\"><p>F\u00fcr freie Momente in Bratislava.<\/p><h3>Historisches Zentrum<\/h3><p>Ideal f\u00fcr einen gem\u00fctlichen Spaziergang in Verbindung mit einem Morgenkaffee oder einem abendlichen Drink. Sie k\u00f6nnen auch die Sch\u00f6nheiten der alten Bratislava dank der kostenlosen Biene kostenlose Touren entdecken.<\/p><p><a href=\"https:\/\/www.befreetours.com\">https:\/\/www.befreetours.com<\/a><\/p><h3><br \/>Markt in der Alten Markthalle<\/h3><p>Hausgemachter K\u00e4se, frischer Kaffee, echte slowakische Wurst, ausgefallenes Bier, Obst und Gem\u00fcse aus dem eigenen Garten, duftende Kuchen, Marmeladen, Sirupe oder hochwertige Schokolade... Wer auf den Geschmack gekommen ist, kann all das und noch viel mehr auf dem regelm\u00e4\u00dfig stattfindenden Markt kaufen, der jeden Samstag von 10 bis 15 Uhr in der Alten Markthalle am N\u00e1mest\u00ed SNP stattfindet.<\/p><p><a href=\"https:\/\/staratrznica.sk\/\">https:\/\/staratrznica.sk\/<\/a><\/p><h3>UFOs<\/h3><p>Wenn Sie sich f\u00fcr das UFO in unserem Hotel interessieren, k\u00f6nnen Sie auch in das echte UFO gehen. In dem Geb\u00e4ude, das 85 Meter \u00fcber der SNP-Br\u00fccke steht, finden Sie ein Restaurant, ein Caf\u00e9 und einen Club. Und eine Aussichtsplattform, die mit dem Aufzug in satten 45 Sekunden erreicht werden kann.<\/p><p><a href=\"https:\/\/www.u-f-o.sk\/\">https:\/\/www.u-f-o.sk\/<\/a><\/p><h3>Burg Bratislava<\/h3><p>Die majest\u00e4tische Burg von Bratislava erhebt sich auf einem felsigen Ausl\u00e4ufer der Kleinen Karpaten. Mit einer H\u00f6he von 85 Metern \u00fcber dem Niveau der Donau vervollst\u00e4ndigt sie das Panorama unserer Hauptstadt aus jedem Blickwinkel erheblich.<\/p><p><a href=\"http:\/\/www.bratislava-hrad.sk\/\">http:\/\/www.bratislava-hrad.sk\/<\/a><\/p><h3>Slavin<\/h3><p>Das Kriegsdenkmal mit seiner sch\u00f6nen Aussicht ist von fast jeder Ecke Bratislavas aus zu sehen.<\/p><p><a href=\"https:\/\/www.visitbratislava.com\/places\/slavin\/\">https:\/\/www.visitbratislava.com\/places\/slavin\/<\/a><\/p><\/div>\n\t\t\t\t\t\t\t\t\t<div class=\"elementor-tab-title elementor-tab-mobile-title\" aria-selected=\"false\" data-tab=\"3\" role=\"tab\" tabindex=\"-1\" aria-controls=\"elementor-tab-content-8553\" aria-expanded=\"false\">Unterhaltung<\/div>\n\t\t\t\t\t<div id=\"elementor-tab-content-8553\" class=\"elementor-tab-content elementor-clearfix\" data-tab=\"3\" role=\"tabpanel\" aria-labelledby=\"elementor-tab-title-8553\" tabindex=\"0\" hidden=\"hidden\"><h3>Flache Galerie<\/h3><p>Die Flatgallery ist seit Dezember 2012 als private Galerie f\u00fcr zeitgen\u00f6ssische Malerei in der intimen Atmosph\u00e4re einer Wohngemeinschaft t\u00e4tig. Sie hat beschlossen, unter der fachlichen Koordination des Kunsthistorikers Andrej Jaro\u0161 und eingeladener renommierter slowakischer Kuratoren Ausstellungsaktivit\u00e4ten zu initiieren. Der Ausstellungsplan zielt darauf ab, zeitgen\u00f6ssische Kunst der j\u00fcngsten Generation von K\u00fcnstlern zu pr\u00e4sentieren.<\/p><p><a href=\"https:\/\/www.facebook.com\/pg\/Flatgallery\/about\/?ref=page_internal\">https:\/\/www.facebook.com\/pg\/Flatgallery\/about\/?ref=page_internal<\/a><\/p><h3><br \/>Donau<\/h3><p>Er liegt auf einer Halbinsel an der Grenze der drei L\u00e4nder Slowakei, \u00d6sterreich und Ungarn. In dem riesigen Park leuchten die Skulpturen vor dem Hintergrund des Gr\u00fcns und der entfernten Skyline der Stadt. Im Inneren k\u00f6nnen Sie die Werke der weltweit f\u00fchrenden K\u00fcnstler bewundern.<\/p><p><a href=\"https:\/\/www.danubiana.sk\/?gclid=EAIaIQobChMImuCU6IjP6wIVRbTtCh3NEwDzEAAYASAAEgLKOfD_BwE\">https:\/\/www.danubiana.sk\/?gclid=EAIaIQobChMImuCU6IjP6wIVRbTtCh3NEwDzEAAYASAAEgLKOfD_BwE<\/a><\/p><h3>GUS<\/h3><p>Die Ensembles des Slowakischen Nationaltheaters spielen in zwei Theatergeb\u00e4uden, dem historischen Geb\u00e4ude des Slowakischen Nationaltheaters am Hviezdoslav-Platz und dem neuen Geb\u00e4ude des Slowakischen Nationaltheaters am Donauufer. Dort k\u00f6nnen Sie Perlen des Schauspiels, des Balletts und der Oper sehen.<\/p><p><a href=\"https:\/\/www.snd.sk\/\">https:\/\/www.snd.sk\/<\/a><\/p><h3>STADTZENTRUM<\/h3><p>Im Stadtzentrum ist es lebendig. Es gibt Kneipen, Bars, Restaurants und Nachtclubs.<\/p><p>\u00a0<\/p><\/div>\n\t\t\t\t\t\t\t\t\t<div class=\"elementor-tab-title elementor-tab-mobile-title\" aria-selected=\"false\" data-tab=\"4\" role=\"tab\" tabindex=\"-1\" aria-controls=\"elementor-tab-content-8554\" aria-expanded=\"false\">Einkaufen<\/div>\n\t\t\t\t\t<div id=\"elementor-tab-content-8554\" class=\"elementor-tab-content elementor-clearfix\" data-tab=\"4\" role=\"tabpanel\" aria-labelledby=\"elementor-tab-title-8554\" tabindex=\"0\" hidden=\"hidden\"><p>Eurovea - 7 Minuten zu Fu\u00df<br \/>Zentral - 5 Minuten mit dem Auto<br \/>Aupark - 10 Minuten mit dem Auto<\/p><\/div>\n\t\t\t\t\t\t\t\t\t<div class=\"elementor-tab-title elementor-tab-mobile-title\" aria-selected=\"false\" data-tab=\"5\" role=\"tab\" tabindex=\"-1\" aria-controls=\"elementor-tab-content-8555\" aria-expanded=\"false\">Kulinarisch<\/div>\n\t\t\t\t\t<div id=\"elementor-tab-content-8555\" class=\"elementor-tab-content elementor-clearfix\" data-tab=\"5\" role=\"tabpanel\" aria-labelledby=\"elementor-tab-title-8555\" tabindex=\"0\" hidden=\"hidden\"><p>Alle Geschm\u00e4cker der Welt sind rund um das Hotel zu finden:<\/p><ul><li>Franz\u00f6sisches Restaurant - 5 Minuten zu Fu\u00df<\/li><li>Italienisches Restaurant - 7 Minuten zu Fu\u00df<\/li><li>Chinesisches Restaurant - 7 Minuten zu Fu\u00df<\/li><li>Indisches Restaurant - 3 Minuten zu Fu\u00df<\/li><li>Slowakisches Restaurant - 11 Minuten zu Fu\u00df<\/li><li>Veganes Restaurant - 0 Minuten<\/li><\/ul><\/div>\n\t\t\t\t\t\t\t\t\t<div class=\"elementor-tab-title elementor-tab-mobile-title\" aria-selected=\"false\" data-tab=\"6\" role=\"tab\" tabindex=\"-1\" aria-controls=\"elementor-tab-content-8556\" aria-expanded=\"false\">Sport und Natur<\/div>\n\t\t\t\t\t<div id=\"elementor-tab-content-8556\" class=\"elementor-tab-content elementor-clearfix\" data-tab=\"6\" role=\"tabpanel\" aria-labelledby=\"elementor-tab-title-8556\" tabindex=\"0\" hidden=\"hidden\"><h3>Aktiver oder passiver Sportler?<\/h3><p>Yoga oder ein morgendlicher Lauf in unmittelbarer N\u00e4he, Fitness oder Kampfsport ein wenig weiter weg, Bowling, Free-Style-Trampoline oder Workout, f\u00fcr das man ein wenig weiter fahren muss. In Bratislava gibt es eine F\u00fclle von sportlichen Aktivit\u00e4ten.<\/p><p>F\u00fcr Fans gibt es in der n\u00e4heren Umgebung das Ondrej-Nepela-Hockey-Stadion (2,5 km), das Nationale Fu\u00dfballstadion (2,6 km) und die Pferderennbahn (5,5 km).<br \/>F\u00fcr Squash-, Fitness- oder Gruppensportbegeisterte haben wir in Zusammenarbeit mit <a href=\"https:\/\/squashcentrum.sk\">SportCentrom Pionierska<\/a>\u00a0\u00dcberraschung!<\/p><h3>Ein Besuch lohnt sich:<\/h3><ul><li>Medica-Garten<\/li><li>Bergpark<\/li><li>Eisenbrunnen<\/li><li>Schloss Devin<\/li><li>Kamz\u00edk-Turm<\/li><li>Hangair<\/li><li>Skywalk - ein Spaziergang in den Wolken<\/li><\/ul><p>\u00a0<\/p><\/div>\n\t\t\t\t\t\t\t\t\t<div class=\"elementor-tab-title elementor-tab-mobile-title\" aria-selected=\"false\" data-tab=\"7\" role=\"tab\" tabindex=\"-1\" aria-controls=\"elementor-tab-content-8557\" aria-expanded=\"false\">Transport<\/div>\n\t\t\t\t\t<div id=\"elementor-tab-content-8557\" class=\"elementor-tab-content elementor-clearfix\" data-tab=\"7\" role=\"tabpanel\" aria-labelledby=\"elementor-tab-title-8557\" tabindex=\"0\" hidden=\"hidden\"><p>Busbahnhof - 0,098 km <br \/>Hauptbahnhof - 3 km (Obus 210)<br \/>Bahnhof Petr\u017ealka - 6 km (Bus 88, Haltestelle Gercenova)<br \/>Flughafen Bratislava - 7,5 km (Bus 61, Oberleitungsbus 205)<br \/>Flughafen Wien - 49 km<\/p><\/div>\n\t\t\t\t\t\t\t<\/div>\n\t\t<\/div>\n\t\t\t\t\t\t<\/div>\n\t\t\t\t<\/div>\n\t\t\t\t\t<\/div>\n\t\t<\/div>\n\t\t\t\t\t<\/div>\n\t\t<\/section>\n\t\t\t\t<\/div>","protected":false},"excerpt":{"rendered":"<p>Aktivity v okol\u00ed Vitajte v centre Bratislavy V\u0161ade na skok Poloha Garni Hotela DOCK zaru\u010duje v\u00fdborn\u00fa pe\u0161iu, cyklistick\u00fa aj automobilov\u00fa dostupnos\u0165. Centrum mesta aj \u010fal\u0161ie dopravn\u00e9 uzly s\u00fa doslova na dosah ruky. Priv\u00e1tne parkovisko priamo pred hotelom. Business Historick\u00e9 mesto Z\u00e1bava N\u00e1kupy Kulin\u00e1rstvo \u0160port a pr\u00edroda Doprava Business CITY BUSINESS CENTER TWIN CITY APOLLO BUSINESS [&hellip;]<\/p>","protected":false},"author":4,"featured_media":0,"parent":0,"menu_order":0,"comment_status":"closed","ping_status":"closed","template":"","meta":{"footnotes":""},"class_list":["post-141","page","type-page","status-publish","hentry"],"_links":{"self":[{"href":"https:\/\/hoteldock.sk\/de\/wp-json\/wp\/v2\/pages\/141","targetHints":{"allow":["GET"]}}],"collection":[{"href":"https:\/\/hoteldock.sk\/de\/wp-json\/wp\/v2\/pages"}],"about":[{"href":"https:\/\/hoteldock.sk\/de\/wp-json\/wp\/v2\/types\/page"}],"author":[{"embeddable":true,"href":"https:\/\/hoteldock.sk\/de\/wp-json\/wp\/v2\/users\/4"}],"replies":[{"embeddable":true,"href":"https:\/\/hoteldock.sk\/de\/wp-json\/wp\/v2\/comments?post=141"}],"version-history":[{"count":9,"href":"https:\/\/hoteldock.sk\/de\/wp-json\/wp\/v2\/pages\/141\/revisions"}],"predecessor-version":[{"id":423,"href":"https:\/\/hoteldock.sk\/de\/wp-json\/wp\/v2\/pages\/141\/revisions\/423"}],"wp:attachment":[{"href":"https:\/\/hoteldock.sk\/de\/wp-json\/wp\/v2\/media?parent=141"}],"curies":[{"name":"wp","href":"https:\/\/api.w.org\/{rel}","templated":true}]}}