{"id":141,"date":"2020-08-30T22:36:21","date_gmt":"2020-08-30T22:36:21","guid":{"rendered":"https:\/\/hoteldock.sk\/?page_id=141"},"modified":"2023-11-14T19:07:53","modified_gmt":"2023-11-14T19:07:53","slug":"activities","status":"publish","type":"page","link":"https:\/\/hoteldock.sk\/en\/activities\/","title":{"rendered":"Aktivity"},"content":{"rendered":"<div data-elementor-type=\"wp-page\" data-elementor-id=\"141\" class=\"elementor elementor-141\" data-elementor-post-type=\"page\">\n\t\t\t\t\t\t<section class=\"elementor-section elementor-top-section elementor-element elementor-element-a60ef11 elementor-section-boxed elementor-section-height-default elementor-section-height-default\" data-id=\"a60ef11\" data-element_type=\"section\" data-settings=\"{&quot;background_background&quot;:&quot;classic&quot;}\">\n\t\t\t\t\t\t<div class=\"elementor-container elementor-column-gap-default\">\n\t\t\t\t\t<div class=\"elementor-column elementor-col-100 elementor-top-column elementor-element elementor-element-73ff2e1\" data-id=\"73ff2e1\" data-element_type=\"column\">\n\t\t\t<div class=\"elementor-widget-wrap elementor-element-populated\">\n\t\t\t\t\t\t<div class=\"elementor-element elementor-element-245349e elementor-widget elementor-widget-heading\" data-id=\"245349e\" data-element_type=\"widget\" data-widget_type=\"heading.default\">\n\t\t\t\t<div class=\"elementor-widget-container\">\n\t\t\t\t\t<h1 class=\"elementor-heading-title elementor-size-default\">Activities in the surroundings<\/h1>\t\t\t\t<\/div>\n\t\t\t\t<\/div>\n\t\t\t\t\t<\/div>\n\t\t<\/div>\n\t\t\t\t\t<\/div>\n\t\t<\/section>\n\t\t\t\t<section class=\"elementor-section elementor-top-section elementor-element elementor-element-6d01b582 elementor-section-content-middle elementor-reverse-tablet elementor-section-boxed elementor-section-height-default elementor-section-height-default\" data-id=\"6d01b582\" data-element_type=\"section\">\n\t\t\t\t\t\t<div class=\"elementor-container elementor-column-gap-default\">\n\t\t\t\t\t<div class=\"elementor-column elementor-col-66 elementor-top-column elementor-element elementor-element-3ceb96f7\" data-id=\"3ceb96f7\" data-element_type=\"column\">\n\t\t\t<div class=\"elementor-widget-wrap elementor-element-populated\">\n\t\t\t\t\t\t<div class=\"elementor-element elementor-element-53194293 elementor-widget elementor-widget-heading\" data-id=\"53194293\" data-element_type=\"widget\" data-widget_type=\"heading.default\">\n\t\t\t\t<div class=\"elementor-widget-container\">\n\t\t\t\t\t<h1 class=\"elementor-heading-title elementor-size-default\">Welcome to the centre of Bratislava<\/h1>\t\t\t\t<\/div>\n\t\t\t\t<\/div>\n\t\t\t\t<div class=\"elementor-element elementor-element-6da7d590 elementor-widget-divider--view-line elementor-widget elementor-widget-divider\" data-id=\"6da7d590\" data-element_type=\"widget\" data-widget_type=\"divider.default\">\n\t\t\t\t<div class=\"elementor-widget-container\">\n\t\t\t\t\t\t\t<div class=\"elementor-divider\">\n\t\t\t<span class=\"elementor-divider-separator\">\n\t\t\t\t\t\t<\/span>\n\t\t<\/div>\n\t\t\t\t\t\t<\/div>\n\t\t\t\t<\/div>\n\t\t\t\t<div class=\"elementor-element elementor-element-2a1c3194 elementor-widget elementor-widget-heading\" data-id=\"2a1c3194\" data-element_type=\"widget\" data-widget_type=\"heading.default\">\n\t\t\t\t<div class=\"elementor-widget-container\">\n\t\t\t\t\t<h2 class=\"elementor-heading-title elementor-size-default\">Everywhere on the jump<\/h2>\t\t\t\t<\/div>\n\t\t\t\t<\/div>\n\t\t\t\t<div class=\"elementor-element elementor-element-1b5f769b elementor-widget elementor-widget-text-editor\" data-id=\"1b5f769b\" data-element_type=\"widget\" data-widget_type=\"text-editor.default\">\n\t\t\t\t<div class=\"elementor-widget-container\">\n\t\t\t\t\t\t\t\t\t<p>The location of Garni Hotel DOCK guarantees excellent pedestrian, cycling and car accessibility. The city centre and other transport hubs are literally at your fingertips. Private parking directly in front of the hotel.<\/p>\t\t\t\t\t\t\t\t<\/div>\n\t\t\t\t<\/div>\n\t\t\t\t\t<\/div>\n\t\t<\/div>\n\t\t\t\t<div class=\"elementor-column elementor-col-33 elementor-top-column elementor-element elementor-element-2363b35a\" data-id=\"2363b35a\" data-element_type=\"column\">\n\t\t\t<div class=\"elementor-widget-wrap elementor-element-populated\">\n\t\t\t\t\t\t<div class=\"elementor-element elementor-element-bc57be1 elementor-widget elementor-widget-image\" data-id=\"bc57be1\" data-element_type=\"widget\" data-widget_type=\"image.default\">\n\t\t\t\t<div class=\"elementor-widget-container\">\n\t\t\t\t\t\t\t\t\t\t\t\t\t\t\t<img fetchpriority=\"high\" decoding=\"async\" width=\"362\" height=\"426\" src=\"https:\/\/hoteldock.sk\/wp-content\/uploads\/2020\/09\/hotel-lobby-PS7LB64.png\" class=\"attachment-full size-full wp-image-259\" alt=\"\" srcset=\"https:\/\/hoteldock.sk\/wp-content\/uploads\/2020\/09\/hotel-lobby-PS7LB64.png 362w, https:\/\/hoteldock.sk\/wp-content\/uploads\/2020\/09\/hotel-lobby-PS7LB64-255x300.png 255w\" sizes=\"(max-width: 362px) 100vw, 362px\" \/>\t\t\t\t\t\t\t\t\t\t\t\t\t\t\t<\/div>\n\t\t\t\t<\/div>\n\t\t\t\t\t<\/div>\n\t\t<\/div>\n\t\t\t\t\t<\/div>\n\t\t<\/section>\n\t\t\t\t<section class=\"elementor-section elementor-top-section elementor-element elementor-element-8d10144 elementor-section-boxed elementor-section-height-default elementor-section-height-default\" data-id=\"8d10144\" data-element_type=\"section\">\n\t\t\t\t\t\t<div class=\"elementor-container elementor-column-gap-default\">\n\t\t\t\t\t<div class=\"elementor-column elementor-col-100 elementor-top-column elementor-element elementor-element-2d77e28\" data-id=\"2d77e28\" data-element_type=\"column\">\n\t\t\t<div class=\"elementor-widget-wrap elementor-element-populated\">\n\t\t\t\t\t\t<div class=\"elementor-element elementor-element-51a09fe elementor-tabs-view-horizontal elementor-widget elementor-widget-tabs\" data-id=\"51a09fe\" data-element_type=\"widget\" data-widget_type=\"tabs.default\">\n\t\t\t\t<div class=\"elementor-widget-container\">\n\t\t\t\t\t\t\t<div class=\"elementor-tabs\">\n\t\t\t<div class=\"elementor-tabs-wrapper\" role=\"tablist\" >\n\t\t\t\t\t\t\t\t\t<div id=\"elementor-tab-title-8551\" class=\"elementor-tab-title elementor-tab-desktop-title\" aria-selected=\"true\" data-tab=\"1\" role=\"tab\" tabindex=\"0\" aria-controls=\"elementor-tab-content-8551\" aria-expanded=\"false\">Business<\/div>\n\t\t\t\t\t\t\t\t\t<div id=\"elementor-tab-title-8552\" class=\"elementor-tab-title elementor-tab-desktop-title\" aria-selected=\"false\" data-tab=\"2\" role=\"tab\" tabindex=\"-1\" aria-controls=\"elementor-tab-content-8552\" aria-expanded=\"false\">Historic town<\/div>\n\t\t\t\t\t\t\t\t\t<div id=\"elementor-tab-title-8553\" class=\"elementor-tab-title elementor-tab-desktop-title\" aria-selected=\"false\" data-tab=\"3\" role=\"tab\" tabindex=\"-1\" aria-controls=\"elementor-tab-content-8553\" aria-expanded=\"false\">Entertainment<\/div>\n\t\t\t\t\t\t\t\t\t<div id=\"elementor-tab-title-8554\" class=\"elementor-tab-title elementor-tab-desktop-title\" aria-selected=\"false\" data-tab=\"4\" role=\"tab\" tabindex=\"-1\" aria-controls=\"elementor-tab-content-8554\" aria-expanded=\"false\">Shopping<\/div>\n\t\t\t\t\t\t\t\t\t<div id=\"elementor-tab-title-8555\" class=\"elementor-tab-title elementor-tab-desktop-title\" aria-selected=\"false\" data-tab=\"5\" role=\"tab\" tabindex=\"-1\" aria-controls=\"elementor-tab-content-8555\" aria-expanded=\"false\">Culinary<\/div>\n\t\t\t\t\t\t\t\t\t<div id=\"elementor-tab-title-8556\" class=\"elementor-tab-title elementor-tab-desktop-title\" aria-selected=\"false\" data-tab=\"6\" role=\"tab\" tabindex=\"-1\" aria-controls=\"elementor-tab-content-8556\" aria-expanded=\"false\">Sport and nature<\/div>\n\t\t\t\t\t\t\t\t\t<div id=\"elementor-tab-title-8557\" class=\"elementor-tab-title elementor-tab-desktop-title\" aria-selected=\"false\" data-tab=\"7\" role=\"tab\" tabindex=\"-1\" aria-controls=\"elementor-tab-content-8557\" aria-expanded=\"false\">Transport<\/div>\n\t\t\t\t\t\t\t<\/div>\n\t\t\t<div class=\"elementor-tabs-content-wrapper\" role=\"tablist\" aria-orientation=\"vertical\">\n\t\t\t\t\t\t\t\t\t<div class=\"elementor-tab-title elementor-tab-mobile-title\" aria-selected=\"true\" data-tab=\"1\" role=\"tab\" tabindex=\"0\" aria-controls=\"elementor-tab-content-8551\" aria-expanded=\"false\">Business<\/div>\n\t\t\t\t\t<div id=\"elementor-tab-content-8551\" class=\"elementor-tab-content elementor-clearfix\" data-tab=\"1\" role=\"tabpanel\" aria-labelledby=\"elementor-tab-title-8551\" tabindex=\"0\" hidden=\"false\"><ul><li>CITY BUSINESS CENTRE<\/li><li>TWIN CITY<\/li><li>APOLLO<\/li><li>BUSINESS CENTRE BRATISLAVA<\/li><li>TOWER 115<\/li><\/ul><p>\u00a0<\/p><p>With us, you can nap a little longer. Business centres are at your fingertips and within easy walking distance.<\/p><\/div>\n\t\t\t\t\t\t\t\t\t<div class=\"elementor-tab-title elementor-tab-mobile-title\" aria-selected=\"false\" data-tab=\"2\" role=\"tab\" tabindex=\"-1\" aria-controls=\"elementor-tab-content-8552\" aria-expanded=\"false\">Historic town<\/div>\n\t\t\t\t\t<div id=\"elementor-tab-content-8552\" class=\"elementor-tab-content elementor-clearfix\" data-tab=\"2\" role=\"tabpanel\" aria-labelledby=\"elementor-tab-title-8552\" tabindex=\"0\" hidden=\"hidden\"><p>For free moments spent in Bratislava.<\/p><h3>Historic Centre<\/h3><p>Ideal for a leisurely stroll combined with morning coffee or an evening drink. You can also discover the beauties of old Bratislava thanks to free bee free tours.<\/p><p><a href=\"https:\/\/www.befreetours.com\">https:\/\/www.befreetours.com<\/a><\/p><h3><br \/>Market in the Old Market Hall<\/h3><p>Homemade cheese, fresh coffee, authentic Slovak sausage, unusual beer, fruit and vegetables grown in the garden, fragrant cakes, jams, syrups or quality chocolate... If you have a taste, you can buy all this and more at the regular market every Saturday from ten to three in the Old Market Hall on N\u00e1mest\u00ed SNP.<\/p><p><a href=\"https:\/\/staratrznica.sk\/\">https:\/\/staratrznica.sk\/<\/a><\/p><h3>UFOs<\/h3><p>If you are interested in the UFO in our hotel, you can also go to the real one. In the building standing 85 metres above the SNP Bridge you will find a restaurant, a caf\u00e9 and a club. And an observation deck, which can be reached by lift in a whopping 45 seconds.<\/p><p><a href=\"https:\/\/www.u-f-o.sk\/\">https:\/\/www.u-f-o.sk\/<\/a><\/p><h3>Bratislava Castle<\/h3><p>The majestic Bratislava Castle rises on a rocky outcrop of the Little Carpathians mountain range. At a height of 85 metres above the level of the Danube River, it significantly completes the panorama of our capital city from every angle.<\/p><p><a href=\"http:\/\/www.bratislava-hrad.sk\/\">http:\/\/www.bratislava-hrad.sk\/<\/a><\/p><h3>Slavin<\/h3><p>The war memorial with a beautiful view is visible from almost every corner of Bratislava.<\/p><p><a href=\"https:\/\/www.visitbratislava.com\/places\/slavin\/\">https:\/\/www.visitbratislava.com\/places\/slavin\/<\/a><\/p><\/div>\n\t\t\t\t\t\t\t\t\t<div class=\"elementor-tab-title elementor-tab-mobile-title\" aria-selected=\"false\" data-tab=\"3\" role=\"tab\" tabindex=\"-1\" aria-controls=\"elementor-tab-content-8553\" aria-expanded=\"false\">Entertainment<\/div>\n\t\t\t\t\t<div id=\"elementor-tab-content-8553\" class=\"elementor-tab-content elementor-clearfix\" data-tab=\"3\" role=\"tabpanel\" aria-labelledby=\"elementor-tab-title-8553\" tabindex=\"0\" hidden=\"hidden\"><h3>Flat Gallery<\/h3><p>Flatgallery has been operating since December 2012 as a private contemporary painting gallery in the intimate setting of a lived-in apartment. It has decided to initiate exhibition activities under the expert coordination of art historian Andrej Jaro\u0161 and invited renowned Slovak curators. The exhibition plan is aimed at presenting contemporary art from the youngest generation of artists.<\/p><p><a href=\"https:\/\/www.facebook.com\/pg\/Flatgallery\/about\/?ref=page_internal\">https:\/\/www.facebook.com\/pg\/Flatgallery\/about\/?ref=page_internal<\/a><\/p><h3><br \/>Danubian<\/h3><p>It lies on a peninsula on the border of three countries Slovakia, Austria and Hungary. Sculptures shine in the huge park against the backdrop of greenery and the distant city skyline. Inside, you can admire the works of the world's leading artists.<\/p><p><a href=\"https:\/\/www.danubiana.sk\/?gclid=EAIaIQobChMImuCU6IjP6wIVRbTtCh3NEwDzEAAYASAAEgLKOfD_BwE\">https:\/\/www.danubiana.sk\/?gclid=EAIaIQobChMImuCU6IjP6wIVRbTtCh3NEwDzEAAYASAAEgLKOfD_BwE<\/a><\/p><h3>CIS<\/h3><p>The Slovak National Theatre companies perform in two theatre buildings, the Historical Building of the Slovak National Theatre, located on Hviezdoslav Square, and the new building of the Slovak National Theatre on the Danube embankment. There you can see gems of drama, ballet and opera.<\/p><p><a href=\"https:\/\/www.snd.sk\/\">https:\/\/www.snd.sk\/<\/a><\/p><h3>CITY CENTRE<\/h3><p>It's alive in the city centre. There are pubs, bars, restaurants and nightclubs.<\/p><p>\u00a0<\/p><\/div>\n\t\t\t\t\t\t\t\t\t<div class=\"elementor-tab-title elementor-tab-mobile-title\" aria-selected=\"false\" data-tab=\"4\" role=\"tab\" tabindex=\"-1\" aria-controls=\"elementor-tab-content-8554\" aria-expanded=\"false\">Shopping<\/div>\n\t\t\t\t\t<div id=\"elementor-tab-content-8554\" class=\"elementor-tab-content elementor-clearfix\" data-tab=\"4\" role=\"tabpanel\" aria-labelledby=\"elementor-tab-title-8554\" tabindex=\"0\" hidden=\"hidden\"><p>Eurovea - 7 minutes on foot<br \/>Central - 5 minutes by car<br \/>Aupark - 10 minutes by car<\/p><\/div>\n\t\t\t\t\t\t\t\t\t<div class=\"elementor-tab-title elementor-tab-mobile-title\" aria-selected=\"false\" data-tab=\"5\" role=\"tab\" tabindex=\"-1\" aria-controls=\"elementor-tab-content-8555\" aria-expanded=\"false\">Culinary<\/div>\n\t\t\t\t\t<div id=\"elementor-tab-content-8555\" class=\"elementor-tab-content elementor-clearfix\" data-tab=\"5\" role=\"tabpanel\" aria-labelledby=\"elementor-tab-title-8555\" tabindex=\"0\" hidden=\"hidden\"><p>All the tastes of the world can be found around the hotel:<\/p><ul><li>French restaurant - 5 minutes on foot<\/li><li>Italian restaurant - 7 minutes on foot<\/li><li>Chinese restaurant - 7 minutes on foot<\/li><li>Indian restaurant - 3 minutes on foot<\/li><li>Slovak Restaurant - 11 minutes on foot<\/li><li>Vegan restaurant - 0 minutes<\/li><\/ul><\/div>\n\t\t\t\t\t\t\t\t\t<div class=\"elementor-tab-title elementor-tab-mobile-title\" aria-selected=\"false\" data-tab=\"6\" role=\"tab\" tabindex=\"-1\" aria-controls=\"elementor-tab-content-8556\" aria-expanded=\"false\">Sport and nature<\/div>\n\t\t\t\t\t<div id=\"elementor-tab-content-8556\" class=\"elementor-tab-content elementor-clearfix\" data-tab=\"6\" role=\"tabpanel\" aria-labelledby=\"elementor-tab-title-8556\" tabindex=\"0\" hidden=\"hidden\"><h3>Active or passive athlete?<\/h3><p>Yoga or a morning run in the immediate vicinity, fitness or martial arts a little further away, bowling, free style trampolines or workout that you have to go a little further for. There is a wealth of sporting activities to be found in Bratislava.<\/p><p>For fans, the Ondrej Nepela hockey stadium (2.5km), the National Football Stadium (2.6km), and the racecourse (5.5km) are also available in the wider surroundings.<br \/>For squash, fitness or group exercise enthusiasts we have in cooperation with <a href=\"https:\/\/squashcentrum.sk\">SportCentrom Pionierska<\/a>\u00a0Surprise!<\/p><h3>Worth a visit:<\/h3><ul><li>Medica garden<\/li><li>Mountain park<\/li><li>Iron well<\/li><li>Castle Devin<\/li><li>Kamz\u00edk Tower<\/li><li>Hangair<\/li><li>Skywalk - a walk in the clouds<\/li><\/ul><p>\u00a0<\/p><\/div>\n\t\t\t\t\t\t\t\t\t<div class=\"elementor-tab-title elementor-tab-mobile-title\" aria-selected=\"false\" data-tab=\"7\" role=\"tab\" tabindex=\"-1\" aria-controls=\"elementor-tab-content-8557\" aria-expanded=\"false\">Transport<\/div>\n\t\t\t\t\t<div id=\"elementor-tab-content-8557\" class=\"elementor-tab-content elementor-clearfix\" data-tab=\"7\" role=\"tabpanel\" aria-labelledby=\"elementor-tab-title-8557\" tabindex=\"0\" hidden=\"hidden\"><p>Bus station - 0,098 km <br \/>Main station - 3 km (trolleybus 210)<br \/>Railway station Petr\u017ealka - 6 km (bus 88, stop Gercenova)<br \/>Airport Bratislava - 7,5 km (bus 61, trolleybus 205)<br \/>Vienna Airport - 49 km<\/p><\/div>\n\t\t\t\t\t\t\t<\/div>\n\t\t<\/div>\n\t\t\t\t\t\t<\/div>\n\t\t\t\t<\/div>\n\t\t\t\t\t<\/div>\n\t\t<\/div>\n\t\t\t\t\t<\/div>\n\t\t<\/section>\n\t\t\t\t<\/div>","protected":false},"excerpt":{"rendered":"<p>Aktivity v okol\u00ed Vitajte v centre Bratislavy V\u0161ade na skok Poloha Garni Hotela DOCK zaru\u010duje v\u00fdborn\u00fa pe\u0161iu, cyklistick\u00fa aj automobilov\u00fa dostupnos\u0165. Centrum mesta aj \u010fal\u0161ie dopravn\u00e9 uzly s\u00fa doslova na dosah ruky. Priv\u00e1tne parkovisko priamo pred hotelom. Business Historick\u00e9 mesto Z\u00e1bava N\u00e1kupy Kulin\u00e1rstvo \u0160port a pr\u00edroda Doprava Business CITY BUSINESS CENTER TWIN CITY APOLLO BUSINESS [&hellip;]<\/p>","protected":false},"author":4,"featured_media":0,"parent":0,"menu_order":0,"comment_status":"closed","ping_status":"closed","template":"","meta":{"footnotes":""},"class_list":["post-141","page","type-page","status-publish","hentry"],"_links":{"self":[{"href":"https:\/\/hoteldock.sk\/en\/wp-json\/wp\/v2\/pages\/141","targetHints":{"allow":["GET"]}}],"collection":[{"href":"https:\/\/hoteldock.sk\/en\/wp-json\/wp\/v2\/pages"}],"about":[{"href":"https:\/\/hoteldock.sk\/en\/wp-json\/wp\/v2\/types\/page"}],"author":[{"embeddable":true,"href":"https:\/\/hoteldock.sk\/en\/wp-json\/wp\/v2\/users\/4"}],"replies":[{"embeddable":true,"href":"https:\/\/hoteldock.sk\/en\/wp-json\/wp\/v2\/comments?post=141"}],"version-history":[{"count":9,"href":"https:\/\/hoteldock.sk\/en\/wp-json\/wp\/v2\/pages\/141\/revisions"}],"predecessor-version":[{"id":423,"href":"https:\/\/hoteldock.sk\/en\/wp-json\/wp\/v2\/pages\/141\/revisions\/423"}],"wp:attachment":[{"href":"https:\/\/hoteldock.sk\/en\/wp-json\/wp\/v2\/media?parent=141"}],"curies":[{"name":"wp","href":"https:\/\/api.w.org\/{rel}","templated":true}]}}